{"id":3569,"date":"2020-03-06T15:48:16","date_gmt":"2020-03-06T15:48:16","guid":{"rendered":"http:\/\/new.michalfibek.com\/?page_id=3569"},"modified":"2021-01-05T07:30:20","modified_gmt":"2021-01-05T07:30:20","slug":"references","status":"publish","type":"page","link":"https:\/\/michalfibek.com\/en\/references\/","title":{"rendered":"References"},"content":{"rendered":"<div class=\"wpb-content-wrapper\"><p>[vc_row disable_element=&#8221;yes&#8221;][vc_column][lab_heading title=&#8221;References&#8221; css=&#8221;.vc_custom_1609249003712{margin-bottom: 5px !important;}&#8221;][\/lab_heading][vc_column_text][\/vc_column_text][\/vc_column][\/vc_row][vc_row][vc_column][lab_heading title=\"References\"]The selection of brands I've worked for.[\/lab_heading][lab_clients columns_count=\"5\" column_spacing=\"yes\" image_borders=\"no\" hover_style=\"none\" reveal_effect=\"none\" el_class=\"clients-grid c-grid-01\" img_size=\"full\"][lab_clients_entry image=\"3982\" title=\"\u0160KODA\" el_class=\"maxw80 test\"][lab_clients_entry image=\"3983\" title=\"STIHL\"][lab_clients_entry image=\"5066\" title=\"Generali \u010cesk\u00e1 poji\u0161\u0165ovna\"][lab_clients_entry image=\"3989\" title=\"IKEA\"][lab_clients_entry image=\"3970\" title=\"Aqualand Moravia\"][lab_clients_entry image=\"5059\" title=\"Sportisimo\"][lab_clients_entry image=\"5100\" title=\"NN\" el_class=\"maxw90\"][lab_clients_entry image=\"3979\" title=\"Mendelu Brno\"][lab_clients_entry image=\"5079\" title=\"Teta drogerie\"][lab_clients_entry image=\"5109\" title=\"netbox\"][lab_clients_entry image=\"3975\" title=\"KOMA Modular\"][lab_clients_entry image=\"3972\" title=\"iDoklad\"][lab_clients_entry image=\"5103\" title=\"Aktin\"][lab_clients_entry image=\"5087\" title=\"SatoshiLabs\"][lab_clients_entry image=\"5112\" title=\"CDV\"][lab_clients_entry image=\"5093\" title=\"FabLab Brno\"][lab_clients_entry image=\"3976\" title=\"Lake Malawi\"][lab_clients_entry image=\"3978\" title=\"Master Internet\"][lab_clients_entry image=\"3977\" title=\"LD Seating\"][lab_clients_entry image=\"3985\" title=\"Future Port Prague\"][lab_clients_entry image=\"5075\" title=\"MINDOK\"][lab_clients_entry image=\"3990\" title=\"Reshoper\" el_class=\"maxw90\"][lab_clients_entry image=\"3974\" title=\"Ixperta\"][\/lab_clients][\/vc_column][vc_column][vc_empty_space height=\"64px\"][\/vc_column][\/vc_row][vc_row][vc_column][lab_heading title=\"Cooperating productions\"]I'm happy to collaborate with the most creative people in the field.[\/lab_heading][lab_clients columns_count=\"5\" column_spacing=\"yes\" image_borders=\"no\" hover_style=\"none\" reveal_effect=\"none\" el_class=\"clients-grid c-grid-02\" img_size=\"full\"][lab_clients_entry image=\"3994\" title=\"60seconds\"][lab_clients_entry image=\"4000\" title=\"overhere\" description=\"I am text block. Click edit button to change this text. Lorem ipsum dolor sit amet, consectetur adipiscing elit. Ut elit tellus, luctus nec ullamcorper mattis, pulvinar dapibus leo.\"][lab_clients_entry image=\"3998\" title=\"Gnomon\"][lab_clients_entry image=\"4001\" title=\"Spectrum Production\"][lab_clients_entry image=\"3996\" title=\"Epicture\"][lab_clients_entry image=\"3995\" title=\"Bumerang.film\"][lab_clients_entry image=\"3871\" title=\"PFX\"][lab_clients_entry image=\"3997\" title=\"Filmagix\"][lab_clients_entry image=\"4643\" title=\"Old&amp;Rich Production\"][lab_clients_entry image=\"5043\" title=\"Isobar\" description=\"I am text block. Click edit button to change this text. Lorem ipsum dolor sit amet, consectetur adipiscing elit. Ut elit tellus, luctus nec ullamcorper mattis, pulvinar dapibus leo.\"][\/lab_clients][\/vc_column][\/vc_row]<\/p>\n<\/div>","protected":false},"excerpt":{"rendered":"<p>[vc_row disable_element=&#8221;yes&#8221;][vc_column][lab_heading title=&#8221;References&#8221; css=&#8221;.vc_custom_1609249003712{margin-bottom: 5px !important;}&#8221;][\/lab_heading][vc_column_text][\/vc_column_text][\/vc_column][\/vc_row][vc_row][vc_column][lab_heading title=&#8221;References&#8221;]The selection of brands I&#8217;ve worked for.[\/lab_heading][lab_clients columns_count=&#8221;5&#8243; column_spacing=&#8221;yes&#8221; image_borders=&#8221;no&#8221; hover_style=&#8221;none&#8221; reveal_effect=&#8221;none&#8221; el_class=&#8221;clients-grid c-grid-01&#8243; img_size=&#8221;full&#8221;][lab_clients_entry image=&#8221;3982&#8243; title=&#8221;\u0160KODA&#8221; el_class=&#8221;maxw80 test&#8221;][lab_clients_entry image=&#8221;3983&#8243; title=&#8221;STIHL&#8221;][lab_clients_entry image=&#8221;5066&#8243; title=&#8221;Generali \u010cesk\u00e1 poji\u0161\u0165ovna&#8221;][lab_clients_entry image=&#8221;3989&#8243; title=&#8221;IKEA&#8221;][lab_clients_entry image=&#8221;3970&#8243; title=&#8221;Aqualand Moravia&#8221;][lab_clients_entry image=&#8221;5059&#8243; title=&#8221;Sportisimo&#8221;][lab_clients_entry image=&#8221;5100&#8243; title=&#8221;NN&#8221; el_class=&#8221;maxw90&#8243;][lab_clients_entry image=&#8221;3979&#8243; title=&#8221;Mendelu Brno&#8221;][lab_clients_entry image=&#8221;5079&#8243; title=&#8221;Teta drogerie&#8221;][lab_clients_entry image=&#8221;5109&#8243; title=&#8221;netbox&#8221;][lab_clients_entry image=&#8221;3975&#8243; title=&#8221;KOMA Modular&#8221;][lab_clients_entry image=&#8221;3972&#8243; title=&#8221;iDoklad&#8221;][lab_clients_entry image=&#8221;5103&#8243;&hellip;<\/p>\n","protected":false},"author":1,"featured_media":0,"parent":0,"menu_order":0,"comment_status":"closed","ping_status":"closed","template":"","meta":{"_acf_changed":false,"inline_featured_image":false,"footnotes":""},"class_list":["post-3569","page","type-page","status-publish","hentry"],"acf":[],"yoast_head":"<!-- This site is optimized with the Yoast SEO plugin v27.4 - https:\/\/yoast.com\/product\/yoast-seo-wordpress\/ -->\n<title>References &#8226; Michal F\u00edbek<\/title>\n<meta name=\"robots\" content=\"index, follow, max-snippet:-1, max-image-preview:large, max-video-preview:-1\" \/>\n<link rel=\"canonical\" href=\"https:\/\/michalfibek.com\/en\/references\/\" \/>\n<meta property=\"og:locale\" content=\"en_US\" \/>\n<meta property=\"og:type\" content=\"article\" \/>\n<meta property=\"og:title\" content=\"References &#8226; Michal F\u00edbek\" \/>\n<meta property=\"og:description\" content=\"[vc_row disable_element=&#8221;yes&#8221;][vc_column][lab_heading title=&#8221;References&#8221; css=&#8221;.vc_custom_1609249003712{margin-bottom: 5px !important;}&#8221;][\/lab_heading][vc_column_text][\/vc_column_text][\/vc_column][\/vc_row][vc_row][vc_column][lab_heading title=&#8221;References&#8221;]The selection of brands I&#8217;ve worked for.[\/lab_heading][lab_clients columns_count=&#8221;5&#8243; column_spacing=&#8221;yes&#8221; image_borders=&#8221;no&#8221; hover_style=&#8221;none&#8221; reveal_effect=&#8221;none&#8221; el_class=&#8221;clients-grid c-grid-01&#8243; img_size=&#8221;full&#8221;][lab_clients_entry image=&#8221;3982&#8243; title=&#8221;\u0160KODA&#8221; el_class=&#8221;maxw80 test&#8221;][lab_clients_entry image=&#8221;3983&#8243; title=&#8221;STIHL&#8221;][lab_clients_entry image=&#8221;5066&#8243; title=&#8221;Generali \u010cesk\u00e1 poji\u0161\u0165ovna&#8221;][lab_clients_entry image=&#8221;3989&#8243; title=&#8221;IKEA&#8221;][lab_clients_entry image=&#8221;3970&#8243; title=&#8221;Aqualand Moravia&#8221;][lab_clients_entry image=&#8221;5059&#8243; title=&#8221;Sportisimo&#8221;][lab_clients_entry image=&#8221;5100&#8243; title=&#8221;NN&#8221; el_class=&#8221;maxw90&#8243;][lab_clients_entry image=&#8221;3979&#8243; title=&#8221;Mendelu Brno&#8221;][lab_clients_entry image=&#8221;5079&#8243; title=&#8221;Teta drogerie&#8221;][lab_clients_entry image=&#8221;5109&#8243; title=&#8221;netbox&#8221;][lab_clients_entry image=&#8221;3975&#8243; title=&#8221;KOMA Modular&#8221;][lab_clients_entry image=&#8221;3972&#8243; title=&#8221;iDoklad&#8221;][lab_clients_entry image=&#8221;5103&#8243;&hellip;\" \/>\n<meta property=\"og:url\" content=\"https:\/\/michalfibek.com\/en\/references\/\" \/>\n<meta property=\"og:site_name\" content=\"Michal F\u00edbek\" \/>\n<meta property=\"article:modified_time\" content=\"2021-01-05T07:30:20+00:00\" \/>\n<meta property=\"og:image\" content=\"https:\/\/michalfibek.com\/wp-content\/uploads\/2020\/03\/mf_logo_web_2.png\" \/>\n\t<meta property=\"og:image:width\" content=\"1200\" \/>\n\t<meta property=\"og:image:height\" content=\"630\" \/>\n\t<meta property=\"og:image:type\" content=\"image\/png\" \/>\n<meta name=\"twitter:card\" content=\"summary_large_image\" \/>\n<meta name=\"twitter:label1\" content=\"Est. reading time\" \/>\n\t<meta name=\"twitter:data1\" content=\"2 minutes\" \/>\n<script type=\"application\/ld+json\" class=\"yoast-schema-graph\">{\"@context\":\"https:\\\/\\\/schema.org\",\"@graph\":[{\"@type\":\"WebPage\",\"@id\":\"https:\\\/\\\/michalfibek.com\\\/en\\\/references\\\/\",\"url\":\"https:\\\/\\\/michalfibek.com\\\/en\\\/references\\\/\",\"name\":\"References &#8226; Michal F\u00edbek\",\"isPartOf\":{\"@id\":\"https:\\\/\\\/michalfibek.com\\\/en\\\/#website\"},\"datePublished\":\"2020-03-06T15:48:16+00:00\",\"dateModified\":\"2021-01-05T07:30:20+00:00\",\"breadcrumb\":{\"@id\":\"https:\\\/\\\/michalfibek.com\\\/en\\\/references\\\/#breadcrumb\"},\"inLanguage\":\"en-US\",\"potentialAction\":[{\"@type\":\"ReadAction\",\"target\":[\"https:\\\/\\\/michalfibek.com\\\/en\\\/references\\\/\"]}]},{\"@type\":\"BreadcrumbList\",\"@id\":\"https:\\\/\\\/michalfibek.com\\\/en\\\/references\\\/#breadcrumb\",\"itemListElement\":[{\"@type\":\"ListItem\",\"position\":1,\"name\":\"Home\",\"item\":\"https:\\\/\\\/michalfibek.com\\\/en\\\/\"},{\"@type\":\"ListItem\",\"position\":2,\"name\":\"References\"}]},{\"@type\":\"WebSite\",\"@id\":\"https:\\\/\\\/michalfibek.com\\\/en\\\/#website\",\"url\":\"https:\\\/\\\/michalfibek.com\\\/en\\\/\",\"name\":\"Michal F\u00edbek\",\"description\":\"Motion designer \\\/ web developer\",\"publisher\":{\"@id\":\"https:\\\/\\\/michalfibek.com\\\/en\\\/#\\\/schema\\\/person\\\/d97580b102ddabc70d1d2bbf9c75f20a\"},\"potentialAction\":[{\"@type\":\"SearchAction\",\"target\":{\"@type\":\"EntryPoint\",\"urlTemplate\":\"https:\\\/\\\/michalfibek.com\\\/en\\\/?s={search_term_string}\"},\"query-input\":{\"@type\":\"PropertyValueSpecification\",\"valueRequired\":true,\"valueName\":\"search_term_string\"}}],\"inLanguage\":\"en-US\"},{\"@type\":[\"Person\",\"Organization\"],\"@id\":\"https:\\\/\\\/michalfibek.com\\\/en\\\/#\\\/schema\\\/person\\\/d97580b102ddabc70d1d2bbf9c75f20a\",\"name\":\"fibek\",\"image\":{\"@type\":\"ImageObject\",\"inLanguage\":\"en-US\",\"@id\":\"https:\\\/\\\/michalfibek.com\\\/wp-content\\\/uploads\\\/2020\\\/03\\\/mf_profil.jpg\",\"url\":\"https:\\\/\\\/michalfibek.com\\\/wp-content\\\/uploads\\\/2020\\\/03\\\/mf_profil.jpg\",\"contentUrl\":\"https:\\\/\\\/michalfibek.com\\\/wp-content\\\/uploads\\\/2020\\\/03\\\/mf_profil.jpg\",\"width\":1000,\"height\":1000,\"caption\":\"fibek\"},\"logo\":{\"@id\":\"https:\\\/\\\/michalfibek.com\\\/wp-content\\\/uploads\\\/2020\\\/03\\\/mf_profil.jpg\"}}]}<\/script>\n<!-- \/ Yoast SEO plugin. -->","yoast_head_json":{"title":"References &#8226; Michal F\u00edbek","robots":{"index":"index","follow":"follow","max-snippet":"max-snippet:-1","max-image-preview":"max-image-preview:large","max-video-preview":"max-video-preview:-1"},"canonical":"https:\/\/michalfibek.com\/en\/references\/","og_locale":"en_US","og_type":"article","og_title":"References &#8226; Michal F\u00edbek","og_description":"[vc_row disable_element=&#8221;yes&#8221;][vc_column][lab_heading title=&#8221;References&#8221; css=&#8221;.vc_custom_1609249003712{margin-bottom: 5px !important;}&#8221;][\/lab_heading][vc_column_text][\/vc_column_text][\/vc_column][\/vc_row][vc_row][vc_column][lab_heading title=&#8221;References&#8221;]The selection of brands I&#8217;ve worked for.[\/lab_heading][lab_clients columns_count=&#8221;5&#8243; column_spacing=&#8221;yes&#8221; image_borders=&#8221;no&#8221; hover_style=&#8221;none&#8221; reveal_effect=&#8221;none&#8221; el_class=&#8221;clients-grid c-grid-01&#8243; img_size=&#8221;full&#8221;][lab_clients_entry image=&#8221;3982&#8243; title=&#8221;\u0160KODA&#8221; el_class=&#8221;maxw80 test&#8221;][lab_clients_entry image=&#8221;3983&#8243; title=&#8221;STIHL&#8221;][lab_clients_entry image=&#8221;5066&#8243; title=&#8221;Generali \u010cesk\u00e1 poji\u0161\u0165ovna&#8221;][lab_clients_entry image=&#8221;3989&#8243; title=&#8221;IKEA&#8221;][lab_clients_entry image=&#8221;3970&#8243; title=&#8221;Aqualand Moravia&#8221;][lab_clients_entry image=&#8221;5059&#8243; title=&#8221;Sportisimo&#8221;][lab_clients_entry image=&#8221;5100&#8243; title=&#8221;NN&#8221; el_class=&#8221;maxw90&#8243;][lab_clients_entry image=&#8221;3979&#8243; title=&#8221;Mendelu Brno&#8221;][lab_clients_entry image=&#8221;5079&#8243; title=&#8221;Teta drogerie&#8221;][lab_clients_entry image=&#8221;5109&#8243; title=&#8221;netbox&#8221;][lab_clients_entry image=&#8221;3975&#8243; title=&#8221;KOMA Modular&#8221;][lab_clients_entry image=&#8221;3972&#8243; title=&#8221;iDoklad&#8221;][lab_clients_entry image=&#8221;5103&#8243;&hellip;","og_url":"https:\/\/michalfibek.com\/en\/references\/","og_site_name":"Michal F\u00edbek","article_modified_time":"2021-01-05T07:30:20+00:00","og_image":[{"width":1200,"height":630,"url":"https:\/\/michalfibek.com\/wp-content\/uploads\/2020\/03\/mf_logo_web_2.png","type":"image\/png"}],"twitter_card":"summary_large_image","twitter_misc":{"Est. reading time":"2 minutes"},"schema":{"@context":"https:\/\/schema.org","@graph":[{"@type":"WebPage","@id":"https:\/\/michalfibek.com\/en\/references\/","url":"https:\/\/michalfibek.com\/en\/references\/","name":"References &#8226; Michal F\u00edbek","isPartOf":{"@id":"https:\/\/michalfibek.com\/en\/#website"},"datePublished":"2020-03-06T15:48:16+00:00","dateModified":"2021-01-05T07:30:20+00:00","breadcrumb":{"@id":"https:\/\/michalfibek.com\/en\/references\/#breadcrumb"},"inLanguage":"en-US","potentialAction":[{"@type":"ReadAction","target":["https:\/\/michalfibek.com\/en\/references\/"]}]},{"@type":"BreadcrumbList","@id":"https:\/\/michalfibek.com\/en\/references\/#breadcrumb","itemListElement":[{"@type":"ListItem","position":1,"name":"Home","item":"https:\/\/michalfibek.com\/en\/"},{"@type":"ListItem","position":2,"name":"References"}]},{"@type":"WebSite","@id":"https:\/\/michalfibek.com\/en\/#website","url":"https:\/\/michalfibek.com\/en\/","name":"Michal F\u00edbek","description":"Motion designer \/ web developer","publisher":{"@id":"https:\/\/michalfibek.com\/en\/#\/schema\/person\/d97580b102ddabc70d1d2bbf9c75f20a"},"potentialAction":[{"@type":"SearchAction","target":{"@type":"EntryPoint","urlTemplate":"https:\/\/michalfibek.com\/en\/?s={search_term_string}"},"query-input":{"@type":"PropertyValueSpecification","valueRequired":true,"valueName":"search_term_string"}}],"inLanguage":"en-US"},{"@type":["Person","Organization"],"@id":"https:\/\/michalfibek.com\/en\/#\/schema\/person\/d97580b102ddabc70d1d2bbf9c75f20a","name":"fibek","image":{"@type":"ImageObject","inLanguage":"en-US","@id":"https:\/\/michalfibek.com\/wp-content\/uploads\/2020\/03\/mf_profil.jpg","url":"https:\/\/michalfibek.com\/wp-content\/uploads\/2020\/03\/mf_profil.jpg","contentUrl":"https:\/\/michalfibek.com\/wp-content\/uploads\/2020\/03\/mf_profil.jpg","width":1000,"height":1000,"caption":"fibek"},"logo":{"@id":"https:\/\/michalfibek.com\/wp-content\/uploads\/2020\/03\/mf_profil.jpg"}}]}},"_links":{"self":[{"href":"https:\/\/michalfibek.com\/en\/wp-json\/wp\/v2\/pages\/3569","targetHints":{"allow":["GET"]}}],"collection":[{"href":"https:\/\/michalfibek.com\/en\/wp-json\/wp\/v2\/pages"}],"about":[{"href":"https:\/\/michalfibek.com\/en\/wp-json\/wp\/v2\/types\/page"}],"author":[{"embeddable":true,"href":"https:\/\/michalfibek.com\/en\/wp-json\/wp\/v2\/users\/1"}],"replies":[{"embeddable":true,"href":"https:\/\/michalfibek.com\/en\/wp-json\/wp\/v2\/comments?post=3569"}],"version-history":[{"count":87,"href":"https:\/\/michalfibek.com\/en\/wp-json\/wp\/v2\/pages\/3569\/revisions"}],"predecessor-version":[{"id":5163,"href":"https:\/\/michalfibek.com\/en\/wp-json\/wp\/v2\/pages\/3569\/revisions\/5163"}],"wp:attachment":[{"href":"https:\/\/michalfibek.com\/en\/wp-json\/wp\/v2\/media?parent=3569"}],"curies":[{"name":"wp","href":"https:\/\/api.w.org\/{rel}","templated":true}]}}